{"id":13,"date":"2022-09-20T15:19:34","date_gmt":"2022-09-20T15:19:34","guid":{"rendered":"https:\/\/www.akademie-remesel.cz\/?page_id=13"},"modified":"2026-02-23T13:53:57","modified_gmt":"2026-02-23T11:53:57","slug":"kontakt","status":"publish","type":"page","link":"https:\/\/www.akademie-remesel.cz\/de\/kontakt\/","title":{"rendered":"Kontakt"},"content":{"rendered":"<div class=\"wp-block-columns are-vertically-aligned-center is-layout-flex wp-container-core-columns-is-layout-9d6595d7 wp-block-columns-is-layout-flex\">\n<div class=\"wp-block-column is-vertically-aligned-center is-layout-flow wp-block-column-is-layout-flow\" style=\"flex-basis:100%\">\n<div class=\"wp-block-group\"><div class=\"wp-block-group__inner-container is-layout-flow wp-block-group-is-layout-flow\">\n<h5 class=\"wp-block-heading has-text-align-center has-large-font-size\" style=\"line-height:1.4\"><strong>Grund<wbr>informationen:<\/strong><\/h5>\n\n\n\n<div class=\"wp-block-columns is-layout-flex wp-container-core-columns-is-layout-9d6595d7 wp-block-columns-is-layout-flex\">\n<div class=\"wp-block-column is-vertically-aligned-center is-layout-flow wp-block-column-is-layout-flow\"><div class=\"wp-block-image\">\n<figure class=\"aligncenter size-medium is-resized\"><img loading=\"lazy\" decoding=\"async\" width=\"300\" height=\"300\" src=\"https:\/\/www.akademie-remesel.cz\/wp-content\/uploads\/2022\/09\/logo-Akademie-2.jpg\" alt=\"Logo Akademie \u0159emesel z.\u00fa. (Cheb)\" class=\"wp-image-281\" style=\"width:173px;height:173px\" srcset=\"https:\/\/www.akademie-remesel.cz\/wp-content\/uploads\/2022\/09\/logo-Akademie-2.jpg 1190w, https:\/\/www.akademie-remesel.cz\/wp-content\/uploads\/2022\/09\/logo-Akademie-2-300x300.jpg 300w, https:\/\/www.akademie-remesel.cz\/wp-content\/uploads\/2022\/09\/logo-Akademie-2-1024x1021.jpg 1024w, https:\/\/www.akademie-remesel.cz\/wp-content\/uploads\/2022\/09\/logo-Akademie-2-150x150.jpg 150w, https:\/\/www.akademie-remesel.cz\/wp-content\/uploads\/2022\/09\/logo-Akademie-2-768x766.jpg 768w\" sizes=\"auto, (max-width: 300px) 100vw, 300px\" \/><\/figure>\n<\/div><\/div>\n\n\n\n<div class=\"wp-block-column is-vertically-aligned-center is-layout-flow wp-block-column-is-layout-flow\">\n<h5 class=\"wp-block-heading has-text-align-center\">Akademie des Handwerks<\/h5>\n\n\n\n<p class=\"has-text-align-center\"><strong>Adresse des Hauptsitzes: <\/strong><br>Obrn\u011bn\u00e9 brig\u00e1dy\n20\/20<br>350 02 Cheb (Eger), Tschechien <br>(<a href=\"https:\/\/goo.gl\/maps\/5yBdno2NtsHnRFL17\" target=\"_blank\" rel=\"noreferrer noopener\">Link zu GoogleMaps<\/a>)<\/p>\n\n\n\n<p class=\"has-text-align-center\"><strong>Identifikationsnummer:<\/strong> 14375036<\/p>\n\n\n\n<p class=\"has-text-align-center\">Juristische Person (z.\u00fa.), eingetragen im Handelsregister unter dem Aktenzeichen: <br>U 194 gef\u00fchrt beim Landgericht in Pilsen<\/p>\n\n\n\n<p class=\"has-text-align-center\"><strong>Tag der Eintragung:<\/strong> 23. M\u00e4rz 2022<\/p>\n\n\n\n<p class=\"has-text-align-center\"><strong>Datenkasten:<\/strong> yr9qsb9<\/p>\n<\/div>\n\n\n\n<div class=\"wp-block-column is-vertically-aligned-center is-layout-flow wp-block-column-is-layout-flow\">\n<h5 class=\"wp-block-heading has-text-align-center\">Wie Sie mit uns Kontakt aufnehmen k\u00f6nnen<\/h5>\n\n\n\n<p class=\"has-text-align-center\"><strong>Der E-Mail-Kontakt ist f\u00fcr uns der wichtigste Kommunikationskanal:<\/strong><br> <a href=\"mailto:info@akademie-remesel.cz\"><strong>info@akademie-remesel.cz<\/strong><\/a><br>Die Kommunikation per E-Mail erm\u00f6glicht es uns, auf einzelne Anfragen strukturiert und mit der erforderlichen Aufmerksamkeit einzugehen. <br><br><strong>Telefonische Anfragen<\/strong> erfolgen vorzugsweise nach&nbsp;vorheriger Vereinbarung: <strong>(+49) 160 9817 3610<\/strong><\/p>\n\n\n\n<p class=\"has-text-align-center\"><strong>Folgen Sie uns in den sozialen Netzwerken:<\/strong><\/p>\n\n\n\n<ul class=\"wp-block-social-links is-style-logos-only is-content-justification-center is-layout-flex wp-container-core-social-links-is-layout-16018d1d wp-block-social-links-is-layout-flex\"><li class=\"wp-social-link wp-social-link-facebook  https:\/\/www.facebook.com\/akademieremeselcheb\/ wp-block-social-link\"><a rel=\"noopener nofollow\" target=\"_blank\" href=\"https:\/\/www.facebook.com\/akademieremeselcheb\/\" class=\"wp-block-social-link-anchor\"><svg width=\"24\" height=\"24\" viewbox=\"0 0 24 24\" version=\"1.1\" xmlns=\"http:\/\/www.w3.org\/2000\/svg\" aria-hidden=\"true\" focusable=\"false\"><path d=\"M12 2C6.5 2 2 6.5 2 12c0 5 3.7 9.1 8.4 9.9v-7H7.9V12h2.5V9.8c0-2.5 1.5-3.9 3.8-3.9 1.1 0 2.2.2 2.2.2v2.5h-1.3c-1.2 0-1.6.8-1.6 1.6V12h2.8l-.4 2.9h-2.3v7C18.3 21.1 22 17 22 12c0-5.5-4.5-10-10-10z\"><\/path><\/svg><span class=\"wp-block-social-link-label screen-reader-text\">Facebook<\/span><\/a><\/li>\n\n<li class=\"wp-social-link wp-social-link-youtube  wp-block-social-link\"><a rel=\"noopener nofollow\" target=\"_blank\" href=\"https:\/\/www.youtube.com\/@akademieremeselcheb\" class=\"wp-block-social-link-anchor\"><svg width=\"24\" height=\"24\" viewbox=\"0 0 24 24\" version=\"1.1\" xmlns=\"http:\/\/www.w3.org\/2000\/svg\" aria-hidden=\"true\" focusable=\"false\"><path d=\"M21.8,8.001c0,0-0.195-1.378-0.795-1.985c-0.76-0.797-1.613-0.801-2.004-0.847c-2.799-0.202-6.997-0.202-6.997-0.202 h-0.009c0,0-4.198,0-6.997,0.202C4.608,5.216,3.756,5.22,2.995,6.016C2.395,6.623,2.2,8.001,2.2,8.001S2,9.62,2,11.238v1.517 c0,1.618,0.2,3.237,0.2,3.237s0.195,1.378,0.795,1.985c0.761,0.797,1.76,0.771,2.205,0.855c1.6,0.153,6.8,0.201,6.8,0.201 s4.203-0.006,7.001-0.209c0.391-0.047,1.243-0.051,2.004-0.847c0.6-0.607,0.795-1.985,0.795-1.985s0.2-1.618,0.2-3.237v-1.517 C22,9.62,21.8,8.001,21.8,8.001z M9.935,14.594l-0.001-5.62l5.404,2.82L9.935,14.594z\"><\/path><\/svg><span class=\"wp-block-social-link-label screen-reader-text\">Youtube kan\u00e1l Akademie \u0159emesel z.\u00fa. (Cheb)<\/span><\/a><\/li>\n\n<li class=\"wp-social-link wp-social-link-linkedin  wp-block-social-link\"><a rel=\"noopener nofollow\" target=\"_blank\" href=\"https:\/\/www.linkedin.com\/company\/akademie-remesel-z-u\/\" class=\"wp-block-social-link-anchor\"><svg width=\"24\" height=\"24\" viewbox=\"0 0 24 24\" version=\"1.1\" xmlns=\"http:\/\/www.w3.org\/2000\/svg\" aria-hidden=\"true\" focusable=\"false\"><path d=\"M19.7,3H4.3C3.582,3,3,3.582,3,4.3v15.4C3,20.418,3.582,21,4.3,21h15.4c0.718,0,1.3-0.582,1.3-1.3V4.3 C21,3.582,20.418,3,19.7,3z M8.339,18.338H5.667v-8.59h2.672V18.338z M7.004,8.574c-0.857,0-1.549-0.694-1.549-1.548 c0-0.855,0.691-1.548,1.549-1.548c0.854,0,1.547,0.694,1.547,1.548C8.551,7.881,7.858,8.574,7.004,8.574z M18.339,18.338h-2.669 v-4.177c0-0.996-0.017-2.278-1.387-2.278c-1.389,0-1.601,1.086-1.601,2.206v4.249h-2.667v-8.59h2.559v1.174h0.037 c0.356-0.675,1.227-1.387,2.526-1.387c2.703,0,3.203,1.779,3.203,4.092V18.338z\"><\/path><\/svg><span class=\"wp-block-social-link-label screen-reader-text\">Linked-In profil Akademie \u0159emesel z.\u00fa.<\/span><\/a><\/li><\/ul>\n<\/div>\n<\/div>\n<\/div><\/div>\n<\/div>\n<\/div>\n\n\n\n<h5 class=\"wp-block-heading has-text-align-center has-large-font-size\"><strong>Kontaktformular:<\/strong><\/h5>\n\n\n\n<div class=\"wp-block-contact-form-7-contact-form-selector\">\n<div class=\"wpcf7 no-js\" id=\"wpcf7-f125-o1\" lang=\"cs-CZ\" dir=\"ltr\" data-wpcf7-id=\"125\">\n<div class=\"screen-reader-response\"><p role=\"status\" aria-live=\"polite\" aria-atomic=\"true\"><\/p> <ul><\/ul><\/div>\n<form action=\"\/de\/wp-json\/wp\/v2\/pages\/13#wpcf7-f125-o1\" method=\"post\" class=\"wpcf7-form init\" aria-label=\"Kontaktformular\" novalidate=\"novalidate\" data-status=\"init\" data-trp-original-action=\"\/de\/wp-json\/wp\/v2\/pages\/13#wpcf7-f125-o1\">\n<fieldset class=\"hidden-fields-container\"><input type=\"hidden\" name=\"_wpcf7\" value=\"125\" \/><input type=\"hidden\" name=\"_wpcf7_version\" value=\"6.1.5\" \/><input type=\"hidden\" name=\"_wpcf7_locale\" value=\"cs_CZ\" \/><input type=\"hidden\" name=\"_wpcf7_unit_tag\" value=\"wpcf7-f125-o1\" \/><input type=\"hidden\" name=\"_wpcf7_container_post\" value=\"0\" \/><input type=\"hidden\" name=\"_wpcf7_posted_data_hash\" value=\"\" \/><input type=\"hidden\" name=\"_wpcf7_recaptcha_response\" value=\"\" \/>\n<\/fieldset>\n<p><label> Ihren Namen<br \/>\n<span class=\"wpcf7-form-control-wrap\" data-name=\"your-name\"><input size=\"40\" maxlength=\"400\" class=\"wpcf7-form-control wpcf7-text wpcf7-validates-as-required\" aria-required=\"true\" aria-invalid=\"false\" value=\"\" type=\"text\" name=\"your-name\" \/><\/span> <\/label>\n<\/p>\n<p><label> Ihre E-Mail-Adresse<br \/>\n<span class=\"wpcf7-form-control-wrap\" data-name=\"your-email\"><input size=\"40\" maxlength=\"400\" class=\"wpcf7-form-control wpcf7-email wpcf7-validates-as-required wpcf7-text wpcf7-validates-as-email\" aria-required=\"true\" aria-invalid=\"false\" value=\"\" type=\"email\" name=\"your-email\" \/><\/span> <\/label>\n<\/p>\n<p><label> Thema<br \/>\n<span class=\"wpcf7-form-control-wrap\" data-name=\"your-subject\"><input size=\"40\" maxlength=\"400\" class=\"wpcf7-form-control wpcf7-text wpcf7-validates-as-required\" aria-required=\"true\" aria-invalid=\"false\" value=\"\" type=\"text\" name=\"your-subject\" \/><\/span> <\/label>\n<\/p>\n<p><label> Ihre Nachricht (optional)<br \/>\n<span class=\"wpcf7-form-control-wrap\" data-name=\"your-message\"><textarea cols=\"40\" rows=\"10\" maxlength=\"2000\" class=\"wpcf7-form-control wpcf7-textarea\" aria-invalid=\"false\" name=\"your-message\"><\/textarea><\/span> <\/label>\n<\/p>\n<p><br \/>\nMit dem Absenden des Formulars nehmen Sie zur Kenntnis, dass Ihre personenbezogenen Daten zum Zweck der Bearbeitung Ihrer Anfrage verarbeitet werden.<br \/>\nWeitere Informationen finden Sie in den <a href=\"\/de\/gdpr\/\" target=\"_blank\">Datenschutzhinweisen<\/a>.\n<\/p>\n<p><input class=\"wpcf7-form-control wpcf7-submit has-spinner\" type=\"submit\" value=\"Schicken\" \/>\n<\/p><div class=\"wpcf7-response-output\" aria-hidden=\"true\"><\/div>\n<input type=\"hidden\" name=\"trp-form-language\" value=\"de\"\/><\/form>\n<\/div>\n<\/div>\n\n\n\n<p class=\"has-text-align-center\">Diese Website ist durch reCAPTCHA gesch\u00fctzt <br>und es gelten die <strong><a href=\"https:\/\/policies.google.com\/privacy\" type=\"link\" id=\"https:\/\/policies.google.com\/privacy\">Datenschutzerkl\u00e4rung<\/a><\/strong> und <strong><a href=\"https:\/\/policies.google.com\/terms\" type=\"link\" id=\"https:\/\/policies.google.com\/terms\">Nutzungsbedingungen<\/a><\/strong> von Google.<\/p>","protected":false},"excerpt":{"rendered":"<p>Z\u00e1kladn\u00ed informace: Akademie \u0159emesel z.\u00fa. Adresa s\u00eddla: Obrn\u011bn\u00e9 brig\u00e1dy 20\/20350 02 Cheb (odkaz na Google mapy) I\u010cO: 14375036 Pr\u00e1vnick\u00e1 osoba (\u00fastav) v obchodn\u00edm rejst\u0159\u00edku uvedena pod spisovou zna\u010dkou: U 194 veden\u00e1 u Krajsk\u00e9ho soudu v Plzni Den z\u00e1pisu: 23. b\u0159ezna 2022 Datov\u00e1 schr\u00e1nka: yr9qsb9 Jak se s n\u00e1mi spojit? E-mail je pro n\u00e1s hlavn\u00edm komunika\u010dn\u00edm [&hellip;]<\/p>\n","protected":false},"author":1,"featured_media":0,"parent":0,"menu_order":0,"comment_status":"closed","ping_status":"closed","template":"","meta":{"footnotes":""},"class_list":["post-13","page","type-page","status-publish","hentry"],"yoast_head":"<!-- This site is optimized with the Yoast SEO plugin v27.4 - https:\/\/yoast.com\/product\/yoast-seo-wordpress\/ -->\n<title>Kontakt - Akademie \u0159emesel z.\u00fa.<\/title>\n<meta name=\"description\" content=\"Kontaktujte Akademii \u0159emesel z.\u00fa. Informace o s\u00eddle, kontaktn\u00ed formul\u00e1\u0159 a mo\u017enost spolupr\u00e1ce v oblasti odborn\u00e9ho vzd\u011bl\u00e1v\u00e1n\u00ed.\" \/>\n<meta name=\"robots\" content=\"index, follow, max-snippet:-1, max-image-preview:large, max-video-preview:-1\" \/>\n<link rel=\"canonical\" href=\"https:\/\/www.akademie-remesel.cz\/de\/kontakt\/\" \/>\n<meta property=\"og:locale\" content=\"de_DE\" \/>\n<meta property=\"og:type\" content=\"article\" \/>\n<meta property=\"og:title\" content=\"Kontakt - Akademie \u0159emesel z.\u00fa.\" \/>\n<meta property=\"og:description\" content=\"Kontaktujte Akademii \u0159emesel z.\u00fa. Informace o s\u00eddle, kontaktn\u00ed formul\u00e1\u0159 a mo\u017enost spolupr\u00e1ce v oblasti odborn\u00e9ho vzd\u011bl\u00e1v\u00e1n\u00ed.\" \/>\n<meta property=\"og:url\" content=\"https:\/\/www.akademie-remesel.cz\/de\/kontakt\/\" \/>\n<meta property=\"og:site_name\" content=\"Akademie \u0159emesel z.\u00fa.\" \/>\n<meta property=\"article:publisher\" content=\"https:\/\/www.facebook.com\/akademieremeselcheb\/\" \/>\n<meta property=\"article:modified_time\" content=\"2026-02-23T11:53:57+00:00\" \/>\n<meta property=\"og:image\" content=\"https:\/\/www.akademie-remesel.cz\/wp-content\/uploads\/2022\/09\/logo-Akademie-2.jpg\" \/>\n\t<meta property=\"og:image:width\" content=\"1190\" \/>\n\t<meta property=\"og:image:height\" content=\"1187\" \/>\n\t<meta property=\"og:image:type\" content=\"image\/jpeg\" \/>\n<meta name=\"twitter:card\" content=\"summary_large_image\" \/>\n<meta name=\"twitter:label1\" content=\"Gesch\u00e4tzte Lesezeit\" \/>\n\t<meta name=\"twitter:data1\" content=\"1\u00a0Minute\" \/>\n<script type=\"application\/ld+json\" class=\"yoast-schema-graph\">{\"@context\":\"https:\\\/\\\/schema.org\",\"@graph\":[{\"@type\":[\"Article\",\"Report\"],\"@id\":\"https:\\\/\\\/www.akademie-remesel.cz\\\/kontakt\\\/#article\",\"isPartOf\":{\"@id\":\"https:\\\/\\\/www.akademie-remesel.cz\\\/kontakt\\\/\"},\"author\":{\"name\":\"akademiere\",\"@id\":\"https:\\\/\\\/www.akademie-remesel.cz\\\/#\\\/schema\\\/person\\\/30d3d0554491b485df7a6278a344f961\"},\"headline\":\"Kontakt\",\"datePublished\":\"2022-09-20T15:19:34+00:00\",\"dateModified\":\"2026-02-23T11:53:57+00:00\",\"mainEntityOfPage\":{\"@id\":\"https:\\\/\\\/www.akademie-remesel.cz\\\/kontakt\\\/\"},\"wordCount\":146,\"publisher\":{\"@id\":\"https:\\\/\\\/www.akademie-remesel.cz\\\/#organization\"},\"image\":{\"@id\":\"https:\\\/\\\/www.akademie-remesel.cz\\\/kontakt\\\/#primaryimage\"},\"thumbnailUrl\":\"https:\\\/\\\/www.akademie-remesel.cz\\\/wp-content\\\/uploads\\\/2022\\\/09\\\/logo-Akademie-2-300x300.jpg\",\"inLanguage\":\"de\"},{\"@type\":[\"WebPage\",\"ContactPage\"],\"@id\":\"https:\\\/\\\/www.akademie-remesel.cz\\\/kontakt\\\/\",\"url\":\"https:\\\/\\\/www.akademie-remesel.cz\\\/kontakt\\\/\",\"name\":\"Kontakt - Akademie \u0159emesel z.\u00fa.\",\"isPartOf\":{\"@id\":\"https:\\\/\\\/www.akademie-remesel.cz\\\/#website\"},\"primaryImageOfPage\":{\"@id\":\"https:\\\/\\\/www.akademie-remesel.cz\\\/kontakt\\\/#primaryimage\"},\"image\":{\"@id\":\"https:\\\/\\\/www.akademie-remesel.cz\\\/kontakt\\\/#primaryimage\"},\"thumbnailUrl\":\"https:\\\/\\\/www.akademie-remesel.cz\\\/wp-content\\\/uploads\\\/2022\\\/09\\\/logo-Akademie-2-300x300.jpg\",\"datePublished\":\"2022-09-20T15:19:34+00:00\",\"dateModified\":\"2026-02-23T11:53:57+00:00\",\"description\":\"Kontaktujte Akademii \u0159emesel z.\u00fa. Informace o s\u00eddle, kontaktn\u00ed formul\u00e1\u0159 a mo\u017enost spolupr\u00e1ce v oblasti odborn\u00e9ho vzd\u011bl\u00e1v\u00e1n\u00ed.\",\"breadcrumb\":{\"@id\":\"https:\\\/\\\/www.akademie-remesel.cz\\\/kontakt\\\/#breadcrumb\"},\"inLanguage\":\"de\",\"potentialAction\":[{\"@type\":\"ReadAction\",\"target\":[\"https:\\\/\\\/www.akademie-remesel.cz\\\/kontakt\\\/\"]}]},{\"@type\":\"ImageObject\",\"inLanguage\":\"de\",\"@id\":\"https:\\\/\\\/www.akademie-remesel.cz\\\/kontakt\\\/#primaryimage\",\"url\":\"https:\\\/\\\/www.akademie-remesel.cz\\\/wp-content\\\/uploads\\\/2022\\\/09\\\/logo-Akademie-2-300x300.jpg\",\"contentUrl\":\"https:\\\/\\\/www.akademie-remesel.cz\\\/wp-content\\\/uploads\\\/2022\\\/09\\\/logo-Akademie-2-300x300.jpg\"},{\"@type\":\"BreadcrumbList\",\"@id\":\"https:\\\/\\\/www.akademie-remesel.cz\\\/kontakt\\\/#breadcrumb\",\"itemListElement\":[{\"@type\":\"ListItem\",\"position\":1,\"name\":\"Dom\u016f\",\"item\":\"https:\\\/\\\/www.akademie-remesel.cz\\\/\"},{\"@type\":\"ListItem\",\"position\":2,\"name\":\"Kontakt\"}]},{\"@type\":\"WebSite\",\"@id\":\"https:\\\/\\\/www.akademie-remesel.cz\\\/#website\",\"url\":\"https:\\\/\\\/www.akademie-remesel.cz\\\/\",\"name\":\"Akademie \u0159emesel z.\u00fa.\",\"description\":\"Odborn\u00e9 vzd\u011bl\u00e1v\u00e1n\u00ed v \u0159emeslech, kter\u00e9 obstoj\u00ed v praxi.\",\"publisher\":{\"@id\":\"https:\\\/\\\/www.akademie-remesel.cz\\\/#organization\"},\"alternateName\":\"Akademie \u0159emesel Cheb\",\"potentialAction\":[{\"@type\":\"SearchAction\",\"target\":{\"@type\":\"EntryPoint\",\"urlTemplate\":\"https:\\\/\\\/www.akademie-remesel.cz\\\/?s={search_term_string}\"},\"query-input\":{\"@type\":\"PropertyValueSpecification\",\"valueRequired\":true,\"valueName\":\"search_term_string\"}}],\"inLanguage\":\"de\"},{\"@type\":\"Organization\",\"@id\":\"https:\\\/\\\/www.akademie-remesel.cz\\\/#organization\",\"name\":\"Akademie \u0159emesel z.\u00fa.\",\"alternateName\":\"Akademie \u0159emesel Cheb\",\"url\":\"https:\\\/\\\/www.akademie-remesel.cz\\\/\",\"logo\":{\"@type\":\"ImageObject\",\"inLanguage\":\"de\",\"@id\":\"https:\\\/\\\/www.akademie-remesel.cz\\\/#\\\/schema\\\/logo\\\/image\\\/\",\"url\":\"https:\\\/\\\/www.akademie-remesel.cz\\\/wp-content\\\/uploads\\\/2022\\\/09\\\/logo-Akademie-2.jpg\",\"contentUrl\":\"https:\\\/\\\/www.akademie-remesel.cz\\\/wp-content\\\/uploads\\\/2022\\\/09\\\/logo-Akademie-2.jpg\",\"width\":1190,\"height\":1187,\"caption\":\"Akademie \u0159emesel z.\u00fa.\"},\"image\":{\"@id\":\"https:\\\/\\\/www.akademie-remesel.cz\\\/#\\\/schema\\\/logo\\\/image\\\/\"},\"sameAs\":[\"https:\\\/\\\/www.facebook.com\\\/akademieremeselcheb\\\/\",\"https:\\\/\\\/www.linkedin.com\\\/company\\\/akademie-remesel-z-u\\\/\",\"https:\\\/\\\/www.youtube.com\\\/@akademieremeselcheb\"]},{\"@type\":\"Person\",\"@id\":\"https:\\\/\\\/www.akademie-remesel.cz\\\/#\\\/schema\\\/person\\\/30d3d0554491b485df7a6278a344f961\",\"name\":\"akademiere\",\"image\":{\"@type\":\"ImageObject\",\"inLanguage\":\"de\",\"@id\":\"https:\\\/\\\/secure.gravatar.com\\\/avatar\\\/61743b8c59fc169c54339584cac2bc34ce0623b3149f6784e3f2e72096155f8e?s=96&d=mm&r=g\",\"url\":\"https:\\\/\\\/secure.gravatar.com\\\/avatar\\\/61743b8c59fc169c54339584cac2bc34ce0623b3149f6784e3f2e72096155f8e?s=96&d=mm&r=g\",\"contentUrl\":\"https:\\\/\\\/secure.gravatar.com\\\/avatar\\\/61743b8c59fc169c54339584cac2bc34ce0623b3149f6784e3f2e72096155f8e?s=96&d=mm&r=g\",\"caption\":\"akademiere\"},\"sameAs\":[\"http:\\\/\\\/localhost\\\/wp\"],\"url\":\"https:\\\/\\\/www.akademie-remesel.cz\\\/de\\\/author\\\/akademiere\\\/\"}]}<\/script>\n<!-- \/ Yoast SEO plugin. -->","yoast_head_json":{"title":"Kontakt - Akademie \u0159emesel z.\u00fa.","description":"Kontaktujte Akademii \u0159emesel z.\u00fa. Informace o s\u00eddle, kontaktn\u00ed formul\u00e1\u0159 a mo\u017enost spolupr\u00e1ce v oblasti odborn\u00e9ho vzd\u011bl\u00e1v\u00e1n\u00ed.","robots":{"index":"index","follow":"follow","max-snippet":"max-snippet:-1","max-image-preview":"max-image-preview:large","max-video-preview":"max-video-preview:-1"},"canonical":"https:\/\/www.akademie-remesel.cz\/de\/kontakt\/","og_locale":"de_DE","og_type":"article","og_title":"Kontakt - Akademie \u0159emesel z.\u00fa.","og_description":"Kontaktujte Akademii \u0159emesel z.\u00fa. Informace o s\u00eddle, kontaktn\u00ed formul\u00e1\u0159 a mo\u017enost spolupr\u00e1ce v oblasti odborn\u00e9ho vzd\u011bl\u00e1v\u00e1n\u00ed.","og_url":"https:\/\/www.akademie-remesel.cz\/de\/kontakt\/","og_site_name":"Akademie \u0159emesel z.\u00fa.","article_publisher":"https:\/\/www.facebook.com\/akademieremeselcheb\/","article_modified_time":"2026-02-23T11:53:57+00:00","og_image":[{"width":1190,"height":1187,"url":"https:\/\/www.akademie-remesel.cz\/wp-content\/uploads\/2022\/09\/logo-Akademie-2.jpg","type":"image\/jpeg"}],"twitter_card":"summary_large_image","twitter_misc":{"Gesch\u00e4tzte Lesezeit":"1\u00a0Minute"},"schema":{"@context":"https:\/\/schema.org","@graph":[{"@type":["Article","Report"],"@id":"https:\/\/www.akademie-remesel.cz\/kontakt\/#article","isPartOf":{"@id":"https:\/\/www.akademie-remesel.cz\/kontakt\/"},"author":{"name":"akademiere","@id":"https:\/\/www.akademie-remesel.cz\/#\/schema\/person\/30d3d0554491b485df7a6278a344f961"},"headline":"Kontakt","datePublished":"2022-09-20T15:19:34+00:00","dateModified":"2026-02-23T11:53:57+00:00","mainEntityOfPage":{"@id":"https:\/\/www.akademie-remesel.cz\/kontakt\/"},"wordCount":146,"publisher":{"@id":"https:\/\/www.akademie-remesel.cz\/#organization"},"image":{"@id":"https:\/\/www.akademie-remesel.cz\/kontakt\/#primaryimage"},"thumbnailUrl":"https:\/\/www.akademie-remesel.cz\/wp-content\/uploads\/2022\/09\/logo-Akademie-2-300x300.jpg","inLanguage":"de"},{"@type":["WebPage","ContactPage"],"@id":"https:\/\/www.akademie-remesel.cz\/kontakt\/","url":"https:\/\/www.akademie-remesel.cz\/kontakt\/","name":"Kontakt - Akademie \u0159emesel z.\u00fa.","isPartOf":{"@id":"https:\/\/www.akademie-remesel.cz\/#website"},"primaryImageOfPage":{"@id":"https:\/\/www.akademie-remesel.cz\/kontakt\/#primaryimage"},"image":{"@id":"https:\/\/www.akademie-remesel.cz\/kontakt\/#primaryimage"},"thumbnailUrl":"https:\/\/www.akademie-remesel.cz\/wp-content\/uploads\/2022\/09\/logo-Akademie-2-300x300.jpg","datePublished":"2022-09-20T15:19:34+00:00","dateModified":"2026-02-23T11:53:57+00:00","description":"Kontaktujte Akademii \u0159emesel z.\u00fa. Informace o s\u00eddle, kontaktn\u00ed formul\u00e1\u0159 a mo\u017enost spolupr\u00e1ce v oblasti odborn\u00e9ho vzd\u011bl\u00e1v\u00e1n\u00ed.","breadcrumb":{"@id":"https:\/\/www.akademie-remesel.cz\/kontakt\/#breadcrumb"},"inLanguage":"de","potentialAction":[{"@type":"ReadAction","target":["https:\/\/www.akademie-remesel.cz\/kontakt\/"]}]},{"@type":"ImageObject","inLanguage":"de","@id":"https:\/\/www.akademie-remesel.cz\/kontakt\/#primaryimage","url":"https:\/\/www.akademie-remesel.cz\/wp-content\/uploads\/2022\/09\/logo-Akademie-2-300x300.jpg","contentUrl":"https:\/\/www.akademie-remesel.cz\/wp-content\/uploads\/2022\/09\/logo-Akademie-2-300x300.jpg"},{"@type":"BreadcrumbList","@id":"https:\/\/www.akademie-remesel.cz\/kontakt\/#breadcrumb","itemListElement":[{"@type":"ListItem","position":1,"name":"Dom\u016f","item":"https:\/\/www.akademie-remesel.cz\/"},{"@type":"ListItem","position":2,"name":"Kontakt"}]},{"@type":"WebSite","@id":"https:\/\/www.akademie-remesel.cz\/#website","url":"https:\/\/www.akademie-remesel.cz\/","name":"Akademie des Handwerks","description":"Fachliche Bildung im Handwerk, die sich in der Praxis gew\u00e4hrt.","publisher":{"@id":"https:\/\/www.akademie-remesel.cz\/#organization"},"alternateName":"Akademie \u0159emesel Cheb","potentialAction":[{"@type":"SearchAction","target":{"@type":"EntryPoint","urlTemplate":"https:\/\/www.akademie-remesel.cz\/?s={search_term_string}"},"query-input":{"@type":"PropertyValueSpecification","valueRequired":true,"valueName":"search_term_string"}}],"inLanguage":"de"},{"@type":"Organization","@id":"https:\/\/www.akademie-remesel.cz\/#organization","name":"Akademie des Handwerks","alternateName":"Akademie \u0159emesel Cheb","url":"https:\/\/www.akademie-remesel.cz\/","logo":{"@type":"ImageObject","inLanguage":"de","@id":"https:\/\/www.akademie-remesel.cz\/#\/schema\/logo\/image\/","url":"https:\/\/www.akademie-remesel.cz\/wp-content\/uploads\/2022\/09\/logo-Akademie-2.jpg","contentUrl":"https:\/\/www.akademie-remesel.cz\/wp-content\/uploads\/2022\/09\/logo-Akademie-2.jpg","width":1190,"height":1187,"caption":"Akademie \u0159emesel z.\u00fa."},"image":{"@id":"https:\/\/www.akademie-remesel.cz\/#\/schema\/logo\/image\/"},"sameAs":["https:\/\/www.facebook.com\/akademieremeselcheb\/","https:\/\/www.linkedin.com\/company\/akademie-remesel-z-u\/","https:\/\/www.youtube.com\/@akademieremeselcheb"]},{"@type":"Person","@id":"https:\/\/www.akademie-remesel.cz\/#\/schema\/person\/30d3d0554491b485df7a6278a344f961","name":"akademiere","image":{"@type":"ImageObject","inLanguage":"de","@id":"https:\/\/secure.gravatar.com\/avatar\/61743b8c59fc169c54339584cac2bc34ce0623b3149f6784e3f2e72096155f8e?s=96&d=mm&r=g","url":"https:\/\/secure.gravatar.com\/avatar\/61743b8c59fc169c54339584cac2bc34ce0623b3149f6784e3f2e72096155f8e?s=96&d=mm&r=g","contentUrl":"https:\/\/secure.gravatar.com\/avatar\/61743b8c59fc169c54339584cac2bc34ce0623b3149f6784e3f2e72096155f8e?s=96&d=mm&r=g","caption":"akademiere"},"sameAs":["http:\/\/localhost\/wp"],"url":"https:\/\/www.akademie-remesel.cz\/de\/author\/akademiere\/"}]}},"_links":{"self":[{"href":"https:\/\/www.akademie-remesel.cz\/de\/wp-json\/wp\/v2\/pages\/13","targetHints":{"allow":["GET"]}}],"collection":[{"href":"https:\/\/www.akademie-remesel.cz\/de\/wp-json\/wp\/v2\/pages"}],"about":[{"href":"https:\/\/www.akademie-remesel.cz\/de\/wp-json\/wp\/v2\/types\/page"}],"author":[{"embeddable":true,"href":"https:\/\/www.akademie-remesel.cz\/de\/wp-json\/wp\/v2\/users\/1"}],"replies":[{"embeddable":true,"href":"https:\/\/www.akademie-remesel.cz\/de\/wp-json\/wp\/v2\/comments?post=13"}],"version-history":[{"count":38,"href":"https:\/\/www.akademie-remesel.cz\/de\/wp-json\/wp\/v2\/pages\/13\/revisions"}],"predecessor-version":[{"id":1356,"href":"https:\/\/www.akademie-remesel.cz\/de\/wp-json\/wp\/v2\/pages\/13\/revisions\/1356"}],"wp:attachment":[{"href":"https:\/\/www.akademie-remesel.cz\/de\/wp-json\/wp\/v2\/media?parent=13"}],"curies":[{"name":"wp","href":"https:\/\/api.w.org\/{rel}","templated":true}]}}