{"id":102,"date":"2022-09-21T08:19:53","date_gmt":"2022-09-21T08:19:53","guid":{"rendered":"https:\/\/www.akademie-remesel.cz\/?page_id=102"},"modified":"2026-02-23T13:54:22","modified_gmt":"2026-02-23T11:54:22","slug":"pro-koho","status":"publish","type":"page","link":"https:\/\/www.akademie-remesel.cz\/de\/pro-koho\/","title":{"rendered":"F\u00fcr wen ist unsere Weiterbildung geeignet"},"content":{"rendered":"<p class=\"has-text-align-center\">Zu unseren Kursen kommen Menschen unterschiedlichen Alters, aus verschiedenen Berufen und mit unterschiedlichen Vorerfahrungen.<br>Was sie verbindet, ist das Interesse am Handwerk, die Bereitschaft zu lernen und der Anspruch, ihre Arbeit qualitativ hochwertig und verantwortungsvoll auszuf\u00fchren.<\/p>\n\n\n\n<p class=\"has-text-align-center\">Unsere Weiterbildung ist so konzipiert, dass sie sowohl <strong>f\u00fcr Einsteiger als auch f\u00fcr erfahrene Handwerker und Unternehmen sinnvoll ist<\/strong>.<\/p>\n\n\n\n<div class=\"wp-block-columns is-layout-flex wp-container-core-columns-is-layout-9d6595d7 wp-block-columns-is-layout-flex\">\n<div class=\"wp-block-column is-layout-flow wp-block-column-is-layout-flow\">\n<h4 class=\"wp-block-heading has-text-align-center\"><strong>Fachkr\u00e4fte im&nbsp;Handwerk<\/strong><\/h4>\n\n\n\n<p class=\"has-text-align-center\">F\u00fcr diejenigen, die:<\/p>\n\n\n\n<p class=\"has-text-align-center\">\u2013 ihre <strong>Spezialisierung erweitern oder vertiefen m\u00f6chten<\/strong>,<br>\u2013 <strong>technologische Abl\u00e4ufe und Details besser verstehen wollen<\/strong>,<br>\u2013 im Beruf arbeiten, aber mehr <strong>Sicherheit in&nbsp;der\u00a0Qualit\u00e4t ihrer Arbeit gewinnen m\u00f6chten<\/strong>,<br>\u2013 als Selbstlernende nach <strong>\u00fcberpr\u00fcftem Know-how und professionellen Standards suchen<\/strong>,<br>\u2013 nach einer <strong>Pause in den Beruf zur\u00fcckkehren.<\/strong><\/p>\n<\/div>\n\n\n\n<div class=\"wp-block-column is-layout-flow wp-block-column-is-layout-flow\">\n<h4 class=\"wp-block-heading has-text-align-center\"><strong>Unternehmen und&nbsp;Arbeitsteams<\/strong><\/h4>\n\n\n\n<p class=\"has-text-align-center\">F\u00fcr Unternehmen, die:<\/p>\n\n\n\n<p class=\"has-text-align-center\">\u2013 ihre Mitarbeitenden weiterbilden und <strong>Fehlerquoten sowie Reklamationen reduzieren m\u00f6chten<\/strong>,<br>\u2013 eine qualifizierte und <strong>verantwortungsbewusste Fachkr\u00e4fte suchen<\/strong>,<br>\u2013 <strong>ma\u00dfgeschneiderte Schulungen f\u00fcr konkrete Technologien oder Projekte ben\u00f6tigen<\/strong>,<br>\u2013 im deutsch-tschechischen Umfeld t\u00e4tig sind <strong>und&nbsp;mit unterschiedlichen Arbeitsweisen und\u00a0Markterwartungen umgehen.<\/strong><\/p>\n<\/div>\n\n\n\n<div class=\"wp-block-column is-layout-flow wp-block-column-is-layout-flow\">\n<h4 class=\"wp-block-heading has-text-align-center\"><strong>Quereinstieg ins&nbsp;Handwerk<\/strong><\/h4>\n\n\n\n<p class=\"has-text-align-center\">F\u00fcr diejenigen, die:<\/p>\n\n\n\n<p class=\"has-text-align-center\">\u2013 \u00fcber einen <strong>Berufswechsel oder eine Umschulung nachdenken<\/strong>,<br>\u2013 ein <strong>Handwerk mit realen beruflichen Perspektiven erlernen m\u00f6chten<\/strong>,<br>\u2013 eine qualifizierte und <strong>praktische T\u00e4tigkeit suchen, bei der das Ergebnis sichtbar ist,<\/strong><br>\u2013 in einem Bereich arbeiten wollen, der <strong>langfristige Perspektiven bietet<\/strong>.<\/p>\n<\/div>\n<\/div>\n\n\n\n<div style=\"height:44px\" aria-hidden=\"true\" class=\"wp-block-spacer\"><\/div>\n\n\n\n<hr class=\"wp-block-separator has-alpha-channel-opacity\"\/>\n\n\n\n<div style=\"height:44px\" aria-hidden=\"true\" class=\"wp-block-spacer\"><\/div>\n\n\n\n<p class=\"has-text-align-center\">Unsere Kurse werden an die konkreten Bed\u00fcrfnisse von Unternehmen und Arbeitsteams angepasst.<br>Jede Zusammenarbeit betrachten wir individuell.<br>Wenn Sie unsicher sind, welcher Kurs f\u00fcr Sie oder Ihr Team geeignet ist, <br>kontaktieren Sie uns gerne \u00fcber das <a href=\"https:\/\/www.akademie-remesel.cz\/de\/kontakt\/\">Kontaktformular.<\/a><\/p>","protected":false},"excerpt":{"rendered":"<p>Do na\u0161ich kurz\u016f p\u0159ich\u00e1zej\u00ed lid\u00e9 r\u016fzn\u00e9ho v\u011bku, profes\u00ed i zku\u0161enost\u00ed.Spojuje je z\u00e1jem o \u0159emeslo, chu\u0165 u\u010dit se a snaha d\u011blat svou pr\u00e1ci kvalitn\u011b a zodpov\u011bdn\u011b. Na\u0161e vzd\u011bl\u00e1v\u00e1n\u00ed je postaven\u00e9 tak, aby d\u00e1valo smysl za\u010d\u00e1te\u010dn\u00edk\u016fm, zku\u0161en\u00fdm \u0159emesln\u00edk\u016fm i firm\u00e1m. \u0158emesln\u00edci a lid\u00e9 z\u00a0praxe Pro ty, kte\u0159\u00ed: &#8211; cht\u011bj\u00ed roz\u0161\u00ed\u0159it nebo prohloubit svou specializaci,&#8211; pot\u0159ebuj\u00ed ujasnit technologick\u00e9 [&hellip;]<\/p>\n","protected":false},"author":1,"featured_media":0,"parent":0,"menu_order":0,"comment_status":"closed","ping_status":"closed","template":"","meta":{"footnotes":""},"class_list":["post-102","page","type-page","status-publish","hentry"],"yoast_head":"<!-- This site is optimized with the Yoast SEO plugin v27.4 - https:\/\/yoast.com\/product\/yoast-seo-wordpress\/ -->\n<title>Pro koho je vzd\u011bl\u00e1v\u00e1n\u00ed u n\u00e1s vhodn\u00e9 - Akademie \u0159emesel z.\u00fa.<\/title>\n<meta name=\"description\" content=\"Odborn\u00e9 vzd\u011bl\u00e1v\u00e1n\u00ed v \u0159emeslech pro jednotlivce, \u0159emesln\u00edky i firmy. Praktick\u00e1 v\u00fduka, individu\u00e1ln\u00ed p\u0159\u00edstup a \u010desko-n\u011bmeck\u00fd kontext.\" \/>\n<meta name=\"robots\" content=\"index, follow, max-snippet:-1, max-image-preview:large, max-video-preview:-1\" \/>\n<link rel=\"canonical\" href=\"https:\/\/www.akademie-remesel.cz\/de\/pro-koho\/\" \/>\n<meta property=\"og:locale\" content=\"de_DE\" \/>\n<meta property=\"og:type\" content=\"article\" \/>\n<meta property=\"og:title\" content=\"Pro koho je vzd\u011bl\u00e1v\u00e1n\u00ed u n\u00e1s vhodn\u00e9 - Akademie \u0159emesel z.\u00fa.\" \/>\n<meta property=\"og:description\" content=\"Odborn\u00e9 vzd\u011bl\u00e1v\u00e1n\u00ed v \u0159emeslech pro jednotlivce, \u0159emesln\u00edky i firmy. Praktick\u00e1 v\u00fduka, individu\u00e1ln\u00ed p\u0159\u00edstup a \u010desko-n\u011bmeck\u00fd kontext.\" \/>\n<meta property=\"og:url\" content=\"https:\/\/www.akademie-remesel.cz\/de\/pro-koho\/\" \/>\n<meta property=\"og:site_name\" content=\"Akademie \u0159emesel z.\u00fa.\" \/>\n<meta property=\"article:publisher\" content=\"https:\/\/www.facebook.com\/akademieremeselcheb\/\" \/>\n<meta property=\"article:modified_time\" content=\"2026-02-23T11:54:22+00:00\" \/>\n<meta name=\"twitter:card\" content=\"summary_large_image\" \/>\n<meta name=\"twitter:label1\" content=\"Gesch\u00e4tzte Lesezeit\" \/>\n\t<meta name=\"twitter:data1\" content=\"2\u00a0Minuten\" \/>\n<script type=\"application\/ld+json\" class=\"yoast-schema-graph\">{\"@context\":\"https:\\\/\\\/schema.org\",\"@graph\":[{\"@type\":\"Article\",\"@id\":\"https:\\\/\\\/www.akademie-remesel.cz\\\/pro-koho\\\/#article\",\"isPartOf\":{\"@id\":\"https:\\\/\\\/www.akademie-remesel.cz\\\/pro-koho\\\/\"},\"author\":{\"name\":\"akademiere\",\"@id\":\"https:\\\/\\\/www.akademie-remesel.cz\\\/#\\\/schema\\\/person\\\/30d3d0554491b485df7a6278a344f961\"},\"headline\":\"Pro koho je vzd\u011bl\u00e1v\u00e1n\u00ed u n\u00e1s vhodn\u00e9\",\"datePublished\":\"2022-09-21T08:19:53+00:00\",\"dateModified\":\"2026-02-23T11:54:22+00:00\",\"mainEntityOfPage\":{\"@id\":\"https:\\\/\\\/www.akademie-remesel.cz\\\/pro-koho\\\/\"},\"wordCount\":312,\"publisher\":{\"@id\":\"https:\\\/\\\/www.akademie-remesel.cz\\\/#organization\"},\"inLanguage\":\"de\"},{\"@type\":[\"WebPage\",\"ItemPage\"],\"@id\":\"https:\\\/\\\/www.akademie-remesel.cz\\\/pro-koho\\\/\",\"url\":\"https:\\\/\\\/www.akademie-remesel.cz\\\/pro-koho\\\/\",\"name\":\"Pro koho je vzd\u011bl\u00e1v\u00e1n\u00ed u n\u00e1s vhodn\u00e9 - Akademie \u0159emesel z.\u00fa.\",\"isPartOf\":{\"@id\":\"https:\\\/\\\/www.akademie-remesel.cz\\\/#website\"},\"datePublished\":\"2022-09-21T08:19:53+00:00\",\"dateModified\":\"2026-02-23T11:54:22+00:00\",\"description\":\"Odborn\u00e9 vzd\u011bl\u00e1v\u00e1n\u00ed v \u0159emeslech pro jednotlivce, \u0159emesln\u00edky i firmy. Praktick\u00e1 v\u00fduka, individu\u00e1ln\u00ed p\u0159\u00edstup a \u010desko-n\u011bmeck\u00fd kontext.\",\"breadcrumb\":{\"@id\":\"https:\\\/\\\/www.akademie-remesel.cz\\\/pro-koho\\\/#breadcrumb\"},\"inLanguage\":\"de\",\"potentialAction\":[{\"@type\":\"ReadAction\",\"target\":[\"https:\\\/\\\/www.akademie-remesel.cz\\\/pro-koho\\\/\"]}]},{\"@type\":\"BreadcrumbList\",\"@id\":\"https:\\\/\\\/www.akademie-remesel.cz\\\/pro-koho\\\/#breadcrumb\",\"itemListElement\":[{\"@type\":\"ListItem\",\"position\":1,\"name\":\"Dom\u016f\",\"item\":\"https:\\\/\\\/www.akademie-remesel.cz\\\/\"},{\"@type\":\"ListItem\",\"position\":2,\"name\":\"Pro koho je vzd\u011bl\u00e1v\u00e1n\u00ed u n\u00e1s vhodn\u00e9\"}]},{\"@type\":\"WebSite\",\"@id\":\"https:\\\/\\\/www.akademie-remesel.cz\\\/#website\",\"url\":\"https:\\\/\\\/www.akademie-remesel.cz\\\/\",\"name\":\"Akademie \u0159emesel z.\u00fa.\",\"description\":\"Odborn\u00e9 vzd\u011bl\u00e1v\u00e1n\u00ed v \u0159emeslech, kter\u00e9 obstoj\u00ed v praxi.\",\"publisher\":{\"@id\":\"https:\\\/\\\/www.akademie-remesel.cz\\\/#organization\"},\"alternateName\":\"Akademie \u0159emesel Cheb\",\"potentialAction\":[{\"@type\":\"SearchAction\",\"target\":{\"@type\":\"EntryPoint\",\"urlTemplate\":\"https:\\\/\\\/www.akademie-remesel.cz\\\/?s={search_term_string}\"},\"query-input\":{\"@type\":\"PropertyValueSpecification\",\"valueRequired\":true,\"valueName\":\"search_term_string\"}}],\"inLanguage\":\"de\"},{\"@type\":\"Organization\",\"@id\":\"https:\\\/\\\/www.akademie-remesel.cz\\\/#organization\",\"name\":\"Akademie \u0159emesel z.\u00fa.\",\"alternateName\":\"Akademie \u0159emesel Cheb\",\"url\":\"https:\\\/\\\/www.akademie-remesel.cz\\\/\",\"logo\":{\"@type\":\"ImageObject\",\"inLanguage\":\"de\",\"@id\":\"https:\\\/\\\/www.akademie-remesel.cz\\\/#\\\/schema\\\/logo\\\/image\\\/\",\"url\":\"https:\\\/\\\/www.akademie-remesel.cz\\\/wp-content\\\/uploads\\\/2022\\\/09\\\/logo-Akademie-2.jpg\",\"contentUrl\":\"https:\\\/\\\/www.akademie-remesel.cz\\\/wp-content\\\/uploads\\\/2022\\\/09\\\/logo-Akademie-2.jpg\",\"width\":1190,\"height\":1187,\"caption\":\"Akademie \u0159emesel z.\u00fa.\"},\"image\":{\"@id\":\"https:\\\/\\\/www.akademie-remesel.cz\\\/#\\\/schema\\\/logo\\\/image\\\/\"},\"sameAs\":[\"https:\\\/\\\/www.facebook.com\\\/akademieremeselcheb\\\/\",\"https:\\\/\\\/www.linkedin.com\\\/company\\\/akademie-remesel-z-u\\\/\",\"https:\\\/\\\/www.youtube.com\\\/@akademieremeselcheb\"]},{\"@type\":\"Person\",\"@id\":\"https:\\\/\\\/www.akademie-remesel.cz\\\/#\\\/schema\\\/person\\\/30d3d0554491b485df7a6278a344f961\",\"name\":\"akademiere\",\"image\":{\"@type\":\"ImageObject\",\"inLanguage\":\"de\",\"@id\":\"https:\\\/\\\/secure.gravatar.com\\\/avatar\\\/61743b8c59fc169c54339584cac2bc34ce0623b3149f6784e3f2e72096155f8e?s=96&d=mm&r=g\",\"url\":\"https:\\\/\\\/secure.gravatar.com\\\/avatar\\\/61743b8c59fc169c54339584cac2bc34ce0623b3149f6784e3f2e72096155f8e?s=96&d=mm&r=g\",\"contentUrl\":\"https:\\\/\\\/secure.gravatar.com\\\/avatar\\\/61743b8c59fc169c54339584cac2bc34ce0623b3149f6784e3f2e72096155f8e?s=96&d=mm&r=g\",\"caption\":\"akademiere\"},\"sameAs\":[\"http:\\\/\\\/localhost\\\/wp\"],\"url\":\"https:\\\/\\\/www.akademie-remesel.cz\\\/de\\\/author\\\/akademiere\\\/\"}]}<\/script>\n<!-- \/ Yoast SEO plugin. -->","yoast_head_json":{"title":"Pro koho je vzd\u011bl\u00e1v\u00e1n\u00ed u n\u00e1s vhodn\u00e9 - Akademie \u0159emesel z.\u00fa.","description":"Odborn\u00e9 vzd\u011bl\u00e1v\u00e1n\u00ed v \u0159emeslech pro jednotlivce, \u0159emesln\u00edky i firmy. Praktick\u00e1 v\u00fduka, individu\u00e1ln\u00ed p\u0159\u00edstup a \u010desko-n\u011bmeck\u00fd kontext.","robots":{"index":"index","follow":"follow","max-snippet":"max-snippet:-1","max-image-preview":"max-image-preview:large","max-video-preview":"max-video-preview:-1"},"canonical":"https:\/\/www.akademie-remesel.cz\/de\/pro-koho\/","og_locale":"de_DE","og_type":"article","og_title":"Pro koho je vzd\u011bl\u00e1v\u00e1n\u00ed u n\u00e1s vhodn\u00e9 - Akademie \u0159emesel z.\u00fa.","og_description":"Odborn\u00e9 vzd\u011bl\u00e1v\u00e1n\u00ed v \u0159emeslech pro jednotlivce, \u0159emesln\u00edky i firmy. Praktick\u00e1 v\u00fduka, individu\u00e1ln\u00ed p\u0159\u00edstup a \u010desko-n\u011bmeck\u00fd kontext.","og_url":"https:\/\/www.akademie-remesel.cz\/de\/pro-koho\/","og_site_name":"Akademie \u0159emesel z.\u00fa.","article_publisher":"https:\/\/www.facebook.com\/akademieremeselcheb\/","article_modified_time":"2026-02-23T11:54:22+00:00","twitter_card":"summary_large_image","twitter_misc":{"Gesch\u00e4tzte Lesezeit":"2\u00a0Minuten"},"schema":{"@context":"https:\/\/schema.org","@graph":[{"@type":"Article","@id":"https:\/\/www.akademie-remesel.cz\/pro-koho\/#article","isPartOf":{"@id":"https:\/\/www.akademie-remesel.cz\/pro-koho\/"},"author":{"name":"akademiere","@id":"https:\/\/www.akademie-remesel.cz\/#\/schema\/person\/30d3d0554491b485df7a6278a344f961"},"headline":"Pro koho je vzd\u011bl\u00e1v\u00e1n\u00ed u n\u00e1s vhodn\u00e9","datePublished":"2022-09-21T08:19:53+00:00","dateModified":"2026-02-23T11:54:22+00:00","mainEntityOfPage":{"@id":"https:\/\/www.akademie-remesel.cz\/pro-koho\/"},"wordCount":312,"publisher":{"@id":"https:\/\/www.akademie-remesel.cz\/#organization"},"inLanguage":"de"},{"@type":["WebPage","ItemPage"],"@id":"https:\/\/www.akademie-remesel.cz\/pro-koho\/","url":"https:\/\/www.akademie-remesel.cz\/pro-koho\/","name":"Pro koho je vzd\u011bl\u00e1v\u00e1n\u00ed u n\u00e1s vhodn\u00e9 - Akademie \u0159emesel z.\u00fa.","isPartOf":{"@id":"https:\/\/www.akademie-remesel.cz\/#website"},"datePublished":"2022-09-21T08:19:53+00:00","dateModified":"2026-02-23T11:54:22+00:00","description":"Odborn\u00e9 vzd\u011bl\u00e1v\u00e1n\u00ed v \u0159emeslech pro jednotlivce, \u0159emesln\u00edky i firmy. Praktick\u00e1 v\u00fduka, individu\u00e1ln\u00ed p\u0159\u00edstup a \u010desko-n\u011bmeck\u00fd kontext.","breadcrumb":{"@id":"https:\/\/www.akademie-remesel.cz\/pro-koho\/#breadcrumb"},"inLanguage":"de","potentialAction":[{"@type":"ReadAction","target":["https:\/\/www.akademie-remesel.cz\/pro-koho\/"]}]},{"@type":"BreadcrumbList","@id":"https:\/\/www.akademie-remesel.cz\/pro-koho\/#breadcrumb","itemListElement":[{"@type":"ListItem","position":1,"name":"Dom\u016f","item":"https:\/\/www.akademie-remesel.cz\/"},{"@type":"ListItem","position":2,"name":"Pro koho je vzd\u011bl\u00e1v\u00e1n\u00ed u n\u00e1s vhodn\u00e9"}]},{"@type":"WebSite","@id":"https:\/\/www.akademie-remesel.cz\/#website","url":"https:\/\/www.akademie-remesel.cz\/","name":"Akademie des Handwerks","description":"Fachliche Bildung im Handwerk, die sich in der Praxis gew\u00e4hrt.","publisher":{"@id":"https:\/\/www.akademie-remesel.cz\/#organization"},"alternateName":"Akademie \u0159emesel Cheb","potentialAction":[{"@type":"SearchAction","target":{"@type":"EntryPoint","urlTemplate":"https:\/\/www.akademie-remesel.cz\/?s={search_term_string}"},"query-input":{"@type":"PropertyValueSpecification","valueRequired":true,"valueName":"search_term_string"}}],"inLanguage":"de"},{"@type":"Organization","@id":"https:\/\/www.akademie-remesel.cz\/#organization","name":"Akademie des Handwerks","alternateName":"Akademie \u0159emesel Cheb","url":"https:\/\/www.akademie-remesel.cz\/","logo":{"@type":"ImageObject","inLanguage":"de","@id":"https:\/\/www.akademie-remesel.cz\/#\/schema\/logo\/image\/","url":"https:\/\/www.akademie-remesel.cz\/wp-content\/uploads\/2022\/09\/logo-Akademie-2.jpg","contentUrl":"https:\/\/www.akademie-remesel.cz\/wp-content\/uploads\/2022\/09\/logo-Akademie-2.jpg","width":1190,"height":1187,"caption":"Akademie \u0159emesel z.\u00fa."},"image":{"@id":"https:\/\/www.akademie-remesel.cz\/#\/schema\/logo\/image\/"},"sameAs":["https:\/\/www.facebook.com\/akademieremeselcheb\/","https:\/\/www.linkedin.com\/company\/akademie-remesel-z-u\/","https:\/\/www.youtube.com\/@akademieremeselcheb"]},{"@type":"Person","@id":"https:\/\/www.akademie-remesel.cz\/#\/schema\/person\/30d3d0554491b485df7a6278a344f961","name":"akademiere","image":{"@type":"ImageObject","inLanguage":"de","@id":"https:\/\/secure.gravatar.com\/avatar\/61743b8c59fc169c54339584cac2bc34ce0623b3149f6784e3f2e72096155f8e?s=96&d=mm&r=g","url":"https:\/\/secure.gravatar.com\/avatar\/61743b8c59fc169c54339584cac2bc34ce0623b3149f6784e3f2e72096155f8e?s=96&d=mm&r=g","contentUrl":"https:\/\/secure.gravatar.com\/avatar\/61743b8c59fc169c54339584cac2bc34ce0623b3149f6784e3f2e72096155f8e?s=96&d=mm&r=g","caption":"akademiere"},"sameAs":["http:\/\/localhost\/wp"],"url":"https:\/\/www.akademie-remesel.cz\/de\/author\/akademiere\/"}]}},"_links":{"self":[{"href":"https:\/\/www.akademie-remesel.cz\/de\/wp-json\/wp\/v2\/pages\/102","targetHints":{"allow":["GET"]}}],"collection":[{"href":"https:\/\/www.akademie-remesel.cz\/de\/wp-json\/wp\/v2\/pages"}],"about":[{"href":"https:\/\/www.akademie-remesel.cz\/de\/wp-json\/wp\/v2\/types\/page"}],"author":[{"embeddable":true,"href":"https:\/\/www.akademie-remesel.cz\/de\/wp-json\/wp\/v2\/users\/1"}],"replies":[{"embeddable":true,"href":"https:\/\/www.akademie-remesel.cz\/de\/wp-json\/wp\/v2\/comments?post=102"}],"version-history":[{"count":8,"href":"https:\/\/www.akademie-remesel.cz\/de\/wp-json\/wp\/v2\/pages\/102\/revisions"}],"predecessor-version":[{"id":1361,"href":"https:\/\/www.akademie-remesel.cz\/de\/wp-json\/wp\/v2\/pages\/102\/revisions\/1361"}],"wp:attachment":[{"href":"https:\/\/www.akademie-remesel.cz\/de\/wp-json\/wp\/v2\/media?parent=102"}],"curies":[{"name":"wp","href":"https:\/\/api.w.org\/{rel}","templated":true}]}}